{"id":1349,"date":"2021-11-23T11:51:32","date_gmt":"2021-11-23T09:51:32","guid":{"rendered":"http:\/\/sportmsleopoldsdorf.ac.at\/?page_id=1349"},"modified":"2026-04-20T07:19:07","modified_gmt":"2026-04-20T05:19:07","slug":"nachmittagsbetreunung","status":"publish","type":"page","link":"https:\/\/sportmsleopoldsdorf.ac.at\/?page_id=1349","title":{"rendered":"Nachmittagsbetreuung"},"content":{"rendered":"<p><strong>Nachmittagsbetreuung<\/strong><\/p>\n<p>Seit September 2013 wird die Sportmittelschule Leopoldsdorf als ganzt\u00e4gige Schulform mit getrennter Abfolge gef\u00fchrt.<\/p>\n<p>Das bedeutet, dass es f\u00fcr die Eltern die M\u00f6glichkeit gibt, ihre Kinder zu einem Betreuungsteil am Nachmittag anzumelden. Die Nachmittagsbetreuung beginnt um 13.05 Uhr mit einem gemeinsamen Mittagessen, das von der Gourmet GmbH geliefert wird, anschlie\u00dfend findet eine gegenstandsbezogene Lernstunde statt, die von den Lehrern der SportMS Leopoldsdorf gehalten wird. Sie bietet F\u00f6rderung in den Pflichtgegenst\u00e4nden Deutsch, Mathematik und Englisch.<\/p>\n<p>Im Anschluss an die Lernstunde gibt es die M\u00f6glichkeit bis 16.00 Uhr (Freitag: 15.30 Uhr) betreute Freizeit in Anspruch zu nehmen.<\/p>\n<p>Diese wird mit kreativen T\u00e4tigkeiten wie Basteln, Malen, sportlichen Aktivit\u00e4ten wie Tischtennis oder Ballspielen, Backen oder Entspannungsnachmittagen verbracht.<\/p>\n<p>Die meisten Kinder verlassen nach Ende des Nachmittagsunterrichts die Schule, um mit dem Bus nach Hause zu fahren. Eine Abholung oder Entlassung f\u00fcr Heimgeher kann ab 15.15 Uhr erfolgen.<\/p>\n<p>Schulische Nachmittagsbetreuung findet ausschlie\u00dflich an Schultagen statt und ist kostenpflichtig. Die Mittelschulgemeinde hat den Verein \u201eVolkshilfe\u201c mit der Durchf\u00fchrung der Nachmittagsbetreuung betraut.<\/p>\n<p>Sie schlie\u00dfen eine Betreuungsvereinbarung mit der SERVICE MENSCH GMBH \/ VOLKSHILFE N\u00d6 ab. Betreuung ist an 2, 3, 4 oder 5 Tagen pro Woche m\u00f6glich. Die Kosten hierf\u00fcr erfragen Sie bitte bei der Schulleitung oder der Freizeitp\u00e4dagogin. Ein Besch\u00e4ftigungsbeitrag von 5,&#8211; Euro pro Monat wird zur Anschaffung von Materialien eingehoben. Das Essen wird taggenau abgerechnet, eine Mahlzeit kostet 6,50 Euro.<\/p>\n<p>Die Bezahlung erfolgt mittels Einziehungsauftrag bis Mitte des Folgemonats.<\/p>\n<p>Bei R\u00fcckfragen kontaktieren Sie bitte die Freizeitp\u00e4dagogin!<\/p>\n<p><strong>Birgit Neumann<\/strong><\/p>\n<p>Schulische Nachmittagsbetreuung<\/p>\n<p>VOLKSHILFE N\u00d6<\/p>\n<p>SERVICE MENSCH GmbH<\/p>\n<p>N\u00d6 Sport MS<\/p>\n<p>2285 Leopoldsdorf i.M.<\/p>\n<p>Hauptstra\u00dfe 2<\/p>\n<p>Tel. 0676 8700 28 935<\/p>\n<p>Mail: <a href=\"mailto:SNB.Leopoldsdorf@noe-volkshilfe.at\">SNB.Leopoldsdorf@noe-volkshilfe.at<\/a><\/p>\n<p><a href=\"http:\/\/sportmsleopoldsdorf.ac.at\/wp-content\/uploads\/2026\/04\/Aktivitaeten-Winter-Ostern-_SNB.pdf\">Aktivit\u00e4ten Winter2025 &#8211; Ostern 2026<\/a><\/p>\n<p><a href=\"http:\/\/sportmsleopoldsdorf.ac.at\/wp-content\/uploads\/2025\/06\/Jumping-SNB.pdf\">Jumping SNB 2025<\/a><\/p>\n<p><a href=\"http:\/\/sportmsleopoldsdorf.ac.at\/wp-content\/uploads\/2025\/04\/SNB032025.pdf\">Fr\u00fchling 2025<\/a><\/p>\n<p><a href=\"http:\/\/sportmsleopoldsdorf.ac.at\/wp-content\/uploads\/2024\/12\/Lisa-und-Maggie.pdf\">Dezember 2024<\/a><\/p>\n<p><a href=\"http:\/\/sportmsleopoldsdorf.ac.at\/wp-content\/uploads\/2024\/11\/fotos-Oktober-SNB.pdf\">Oktober 2024<\/a><\/p>\n<p><a href=\"http:\/\/sportmsleopoldsdorf.ac.at\/wp-content\/uploads\/2024\/06\/Projekte-Gesundes-Kinderhaus-2024.pdf\">Projekt &#8222;Das gesunde Kinderhaus&#8220; 2024<\/a><\/p>\n<p><a href=\"http:\/\/sportmsleopoldsdorf.ac.at\/wp-content\/uploads\/2024\/06\/Fotos-Mai-Juni.pdf\">Mai\/Juni 2024<\/a><\/p>\n<p><a href=\"http:\/\/sportmsleopoldsdorf.ac.at\/wp-content\/uploads\/2024\/05\/Fotos-April-Mai_NB.pdf\">Mai 2024<\/a><\/p>\n<p><a href=\"http:\/\/sportmsleopoldsdorf.ac.at\/wp-content\/uploads\/2024\/05\/Fotos-April.pdf\">April 2024<\/a><\/p>\n<p><a href=\"http:\/\/sportmsleopoldsdorf.ac.at\/wp-content\/uploads\/2024\/03\/Fotos-M\u00e4rz-snb.pdf\">M\u00e4rz 2024<\/a><\/p>\n<p><a href=\"http:\/\/sportmsleopoldsdorf.ac.at\/wp-content\/uploads\/2024\/03\/Fotos-Februar_NB.pdf\">Februar 2024<\/a><\/p>\n<p><a href=\"http:\/\/sportmsleopoldsdorf.ac.at\/wp-content\/uploads\/2024\/02\/Aktivit\u00e4ten-J\u00e4nner_NABE.pdf\">J\u00e4nner 2024<\/a><\/p>\n<p><a href=\"http:\/\/sportmsleopoldsdorf.ac.at\/wp-content\/uploads\/2024\/01\/Dezember-Fotos.pdf\">Dezember 2023<\/a><\/p>\n<p><a href=\"https:\/\/photos.app.goo.gl\/Wdp3GqcnNXXkkkPEA\">Fotos 2023\/24<\/a><\/p>\n<p><a href=\"http:\/\/sportmsleopoldsdorf.ac.at\/wp-content\/uploads\/2023\/05\/Deckblatt-Gesundes-Kinderhaus-2023-003.pdf\">Gesundes Kinderhaus 2023<\/a><\/p>\n<p><a href=\"http:\/\/sportmsleopoldsdorf.ac.at\/wp-content\/uploads\/2023\/05\/Aktivit\u00e4ten-im-April-und-Mai_Nachmittagsbetreuung.pdf\">Aktivit\u00e4ten April und Mai 2023<\/a><\/p>\n<p><a href=\"http:\/\/sportmsleopoldsdorf.ac.at\/wp-content\/uploads\/2023\/04\/Aktivit\u00e4ten-im-M\u00e4rz_NB.pdf\">Aktivit\u00e4ten M\u00e4rz 2023<\/a><\/p>\n<p><a href=\"http:\/\/sportmsleopoldsdorf.ac.at\/wp-content\/uploads\/2023\/03\/Februar-Fotos_Nachmittagsbetreuung.pdf\">Fotos Februar 2023<\/a><\/p>\n<p><a href=\"http:\/\/sportmsleopoldsdorf.ac.at\/wp-content\/uploads\/2022\/11\/September-SNB-Fotos-Collagen.pdf\">Fotos 202223<\/a><\/p>\n<p><a href=\"http:\/\/sportmsleopoldsdorf.ac.at\/wp-content\/uploads\/2022\/11\/Deckblatt-Gesundes-Kinderhaus-2022.pdf\">Gesundes Kinderhaus 2022<\/a><\/p>\n<p><a href=\"http:\/\/sportmsleopoldsdorf.ac.at\/wp-content\/uploads\/2022\/11\/Maggie-1.pdf\">Maggie erster Termin (Therapiehund)<\/a><\/p>\n<p><a href=\"http:\/\/sportmsleopoldsdorf.ac.at\/wp-content\/uploads\/2022\/11\/Maggie-2.pdf\">Maggie zweiter Termin (Therapiehund)<\/a><\/p>\n<p><a href=\"http:\/\/sportmsleopoldsdorf.ac.at\/wp-content\/uploads\/2022\/11\/Basteln-Halloween.pdf\">Halloween<\/a><\/p>\n<p><a href=\"http:\/\/sportmsleopoldsdorf.ac.at\/wp-content\/uploads\/2022\/12\/Basteln-in-der-Weihnachtszeit-003.pdf\">Basteln in der Weihnachtszeit<\/a><\/p>\n","protected":false},"excerpt":{"rendered":"<p>Nachmittagsbetreuung Seit September 2013 wird die Sportmittelschule Leopoldsdorf als ganzt\u00e4gige&hellip;<\/p>\n","protected":false},"author":1,"featured_media":0,"parent":0,"menu_order":0,"comment_status":"closed","ping_status":"closed","template":"","meta":{"footnotes":""},"class_list":["post-1349","page","type-page","status-publish","hentry"],"_links":{"self":[{"href":"https:\/\/sportmsleopoldsdorf.ac.at\/index.php?rest_route=\/wp\/v2\/pages\/1349","targetHints":{"allow":["GET"]}}],"collection":[{"href":"https:\/\/sportmsleopoldsdorf.ac.at\/index.php?rest_route=\/wp\/v2\/pages"}],"about":[{"href":"https:\/\/sportmsleopoldsdorf.ac.at\/index.php?rest_route=\/wp\/v2\/types\/page"}],"author":[{"embeddable":true,"href":"https:\/\/sportmsleopoldsdorf.ac.at\/index.php?rest_route=\/wp\/v2\/users\/1"}],"replies":[{"embeddable":true,"href":"https:\/\/sportmsleopoldsdorf.ac.at\/index.php?rest_route=%2Fwp%2Fv2%2Fcomments&post=1349"}],"version-history":[{"count":35,"href":"https:\/\/sportmsleopoldsdorf.ac.at\/index.php?rest_route=\/wp\/v2\/pages\/1349\/revisions"}],"predecessor-version":[{"id":2750,"href":"https:\/\/sportmsleopoldsdorf.ac.at\/index.php?rest_route=\/wp\/v2\/pages\/1349\/revisions\/2750"}],"wp:attachment":[{"href":"https:\/\/sportmsleopoldsdorf.ac.at\/index.php?rest_route=%2Fwp%2Fv2%2Fmedia&parent=1349"}],"curies":[{"name":"wp","href":"https:\/\/api.w.org\/{rel}","templated":true}]}}