{"id":184,"date":"2017-07-04T12:08:51","date_gmt":"2017-07-04T10:08:51","guid":{"rendered":"http:\/\/sportmsleopoldsdorf.ac.at\/?page_id=184"},"modified":"2017-07-04T12:08:51","modified_gmt":"2017-07-04T10:08:51","slug":"wir-legen-wert-auf","status":"publish","type":"page","link":"https:\/\/sportmsleopoldsdorf.ac.at\/?page_id=184","title":{"rendered":"Wir legen Wert auf"},"content":{"rendered":"<ul>\n<li>\n<h2><strong>F\u00f6rderliches Lernklima<\/strong><\/h2>\n<\/li>\n<li>\n<h2><strong>Lebensnahen Unterricht<\/strong><\/h2>\n<\/li>\n<li>\n<h2><strong>Gesundheitsf\u00f6rderung<\/strong><\/h2>\n<\/li>\n<li>\n<h2><strong>Teamf\u00e4higkeit, Sozialkompetenz<\/strong><\/h2>\n<\/li>\n<li>\n<h2><strong>Wertsch\u00e4tzenden Umgang<\/strong><\/h2>\n<\/li>\n<li>\n<h2><strong>Eigenverantwortliches Lernen<\/strong><\/h2>\n<\/li>\n<li>\n<h2><strong>Zwischenmenschliche Beziehungen<\/strong><\/h2>\n<\/li>\n<li>\n<h2><strong>F\u00f6rderung von Talenten und Begabungen<\/strong><\/h2>\n<\/li>\n<li>\n<h2><strong>Schulpartnerschaft zum Wohle der Kinder<\/strong><\/h2>\n<\/li>\n<\/ul>\n","protected":false},"excerpt":{"rendered":"<p>F\u00f6rderliches Lernklima Lebensnahen Unterricht Gesundheitsf\u00f6rderung Teamf\u00e4higkeit, Sozialkompetenz Wertsch\u00e4tzenden Umgang Eigenverantwortliches&hellip;<\/p>\n","protected":false},"author":1,"featured_media":0,"parent":0,"menu_order":0,"comment_status":"closed","ping_status":"closed","template":"","meta":{"footnotes":""},"class_list":["post-184","page","type-page","status-publish","hentry"],"_links":{"self":[{"href":"https:\/\/sportmsleopoldsdorf.ac.at\/index.php?rest_route=\/wp\/v2\/pages\/184","targetHints":{"allow":["GET"]}}],"collection":[{"href":"https:\/\/sportmsleopoldsdorf.ac.at\/index.php?rest_route=\/wp\/v2\/pages"}],"about":[{"href":"https:\/\/sportmsleopoldsdorf.ac.at\/index.php?rest_route=\/wp\/v2\/types\/page"}],"author":[{"embeddable":true,"href":"https:\/\/sportmsleopoldsdorf.ac.at\/index.php?rest_route=\/wp\/v2\/users\/1"}],"replies":[{"embeddable":true,"href":"https:\/\/sportmsleopoldsdorf.ac.at\/index.php?rest_route=%2Fwp%2Fv2%2Fcomments&post=184"}],"version-history":[{"count":1,"href":"https:\/\/sportmsleopoldsdorf.ac.at\/index.php?rest_route=\/wp\/v2\/pages\/184\/revisions"}],"predecessor-version":[{"id":185,"href":"https:\/\/sportmsleopoldsdorf.ac.at\/index.php?rest_route=\/wp\/v2\/pages\/184\/revisions\/185"}],"wp:attachment":[{"href":"https:\/\/sportmsleopoldsdorf.ac.at\/index.php?rest_route=%2Fwp%2Fv2%2Fmedia&parent=184"}],"curies":[{"name":"wp","href":"https:\/\/api.w.org\/{rel}","templated":true}]}}