{"id":217,"date":"2017-07-04T21:04:00","date_gmt":"2017-07-04T19:04:00","guid":{"rendered":"http:\/\/sportmsleopoldsdorf.ac.at\/?page_id=217"},"modified":"2020-08-30T16:26:39","modified_gmt":"2020-08-30T14:26:39","slug":"aktion-handyrecycling","status":"publish","type":"page","link":"https:\/\/sportmsleopoldsdorf.ac.at\/?page_id=217","title":{"rendered":"Aktion Handyrecycling"},"content":{"rendered":"<p><span style=\"margin: 0px; color: black; font-family: 'Arial Rounded MT Bold',sans-serif; font-size: 16pt;\">Aktion Handyrecycling <\/span><\/p>\n<p>Sehr geehrte Eltern und Erziehungsberechtigte!<\/p>\n<p>Alle unsere Sch\u00fcler und Sch\u00fclerinnen bem\u00fchen sich, im Rahmen einer Handyrecycling \u2013 Kampagne des Jane Goodall Institutes die Sammlung von allen Handys zu unterst\u00fctzen, um die Rohstoffe von Mobiltelefonen wieder zu verwerten, anstatt sie in den M\u00fcll zu schmei\u00dfen.<\/p>\n<p>Hierbei sollen m\u00f6glichst viele Handys gesammelt werden, denn mit jedem recycelten Mobiltelefon wird die Umwelt geschont und das Jane Goodall Institut Austria bekommt einen weiteren Euro, um damit Projekte f\u00fcr den Schutz von Schimpansen umzusetzen.<\/p>\n<p>Homepage: www.janegoodall.at<\/p>\n<p>Deshalb wollen wir gemeinsam ein Zeichen f\u00fcr einen nachhaltigen Umgang mit Ressourcen setzen.<\/p>\n<p>Bitte geben Sie Ihren Kindern nur Handys und, wenn vorhanden, Akkus und Ladeger\u00e4te mit. Entfernen Sie vorher die Sim-Karten und legen Sie auch keine Verpackungen, Gebrauchsanweisungen u.s.w. bei.<\/p>\n<p>Die Sammelbox wird im April kostenlos abgeholt.<\/p>\n<p>Wir freuen uns auf eine gute Zusammenarbeit und danken f\u00fcr Ihre Mitarbeit.<\/p>\n<p>Mit freundlichen Gr\u00fc\u00dfen<\/p>\n<p>das Lehrerteam<\/p>\n","protected":false},"excerpt":{"rendered":"<p>Aktion Handyrecycling Sehr geehrte Eltern und Erziehungsberechtigte! Alle unsere Sch\u00fcler&hellip;<\/p>\n","protected":false},"author":1,"featured_media":0,"parent":0,"menu_order":0,"comment_status":"closed","ping_status":"closed","template":"","meta":{"footnotes":""},"class_list":["post-217","page","type-page","status-publish","hentry"],"_links":{"self":[{"href":"https:\/\/sportmsleopoldsdorf.ac.at\/index.php?rest_route=\/wp\/v2\/pages\/217","targetHints":{"allow":["GET"]}}],"collection":[{"href":"https:\/\/sportmsleopoldsdorf.ac.at\/index.php?rest_route=\/wp\/v2\/pages"}],"about":[{"href":"https:\/\/sportmsleopoldsdorf.ac.at\/index.php?rest_route=\/wp\/v2\/types\/page"}],"author":[{"embeddable":true,"href":"https:\/\/sportmsleopoldsdorf.ac.at\/index.php?rest_route=\/wp\/v2\/users\/1"}],"replies":[{"embeddable":true,"href":"https:\/\/sportmsleopoldsdorf.ac.at\/index.php?rest_route=%2Fwp%2Fv2%2Fcomments&post=217"}],"version-history":[{"count":4,"href":"https:\/\/sportmsleopoldsdorf.ac.at\/index.php?rest_route=\/wp\/v2\/pages\/217\/revisions"}],"predecessor-version":[{"id":1077,"href":"https:\/\/sportmsleopoldsdorf.ac.at\/index.php?rest_route=\/wp\/v2\/pages\/217\/revisions\/1077"}],"wp:attachment":[{"href":"https:\/\/sportmsleopoldsdorf.ac.at\/index.php?rest_route=%2Fwp%2Fv2%2Fmedia&parent=217"}],"curies":[{"name":"wp","href":"https:\/\/api.w.org\/{rel}","templated":true}]}}