{"id":221,"date":"2017-07-04T21:05:18","date_gmt":"2017-07-04T19:05:18","guid":{"rendered":"http:\/\/sportmsleopoldsdorf.ac.at\/?page_id=221"},"modified":"2023-01-30T12:11:18","modified_gmt":"2023-01-30T10:11:18","slug":"schueler-und-bildungsberatung","status":"publish","type":"page","link":"https:\/\/sportmsleopoldsdorf.ac.at\/?page_id=221","title":{"rendered":"Sch\u00fcler*innen- und Bildungsberatung"},"content":{"rendered":"<p><span style=\"color: #000000; font-family: Times New Roman;\">\u00a0<\/span><img fetchpriority=\"high\" decoding=\"async\" class=\"alignleft\" src=\"http:\/\/sportmsleopoldsdorf.ac.at\/wp-content\/uploads\/2019\/08\/PK11B107.jpeg\" alt=\"\" width=\"200\" height=\"298\" \/><\/p>\n<p>&nbsp;<\/p>\n<p>&nbsp;<\/p>\n<p>&nbsp;<\/p>\n<p>&nbsp;<\/p>\n<p><b><span style=\"color: #000000; font-family: Times New Roman;\">Sch\u00fcler*innen- und Bildungsberatung<\/span><\/b><\/p>\n<p><strong><em><u>Liebe Sch\u00fclerinnen, Liebe Sch\u00fcler!<\/u><\/em><\/strong><\/p>\n<p>Bei vielen Problemen \u2013 schulisch oder privat \u2013 hilft meist schon ein offenes Gespr\u00e4ch, welches vor allem ganz <strong>VERTRAULICH <\/strong>behandelt wird.<\/p>\n<p>Als dein Beratungslehrer hier an der Schule stehe ich dir mit meiner Hilfe zur Seite.<\/p>\n<p>Uns Allen ist bewusst, dass die Corona Krise keine einfache Zeit ist bzw. war.<\/p>\n<p>Dabei kann es sowohl zu Hause als auch in der Schule zu Meinungsverschiedenheiten kommen.<\/p>\n<p>Wenn du das Bed\u00fcrfnis hast zu reden, kannst du mit jeglichem Anliegen zu mir kommen \u2013 Wir versuchen gemeinsam eine L\u00f6sung zu finden.<\/p>\n<p>Ein offenes vertrauliches Ohr meinerseits ist dir <strong>SICHER! <\/strong><\/p>\n<p>In meiner Funktion als Sch\u00fclerberater stehe ich dir unter anderem auch als Anlaufstelle f\u00fcr Schwierigkeiten in bzw. mit der Schule zur Verf\u00fcgung.<\/p>\n<p>&nbsp;<\/p>\n<p>Das Beratungsgespr\u00e4ch meinerseits erfolgt individuell, freiwillig und vor allem vertraulich.<\/p>\n<p>&nbsp;<\/p>\n<p>Liebe Gr\u00fc\u00dfe<\/p>\n<p>Dominik Habison \u2013 Sch\u00fclerberater<\/p>\n<p>&nbsp;<\/p>\n<p><img decoding=\"async\" src=\"http:\/\/sportmsleopoldsdorf.ac.at\/wp-content\/uploads\/2023\/01\/Unbenannt.jpg\" alt=\"\" width=\"479\" height=\"478\" \/><\/p>\n<p>&nbsp;<\/p>\n<p>&nbsp;<\/p>\n","protected":false},"excerpt":{"rendered":"<p>\u00a0 &nbsp; &nbsp; &nbsp; &nbsp; Sch\u00fcler*innen- und Bildungsberatung Liebe Sch\u00fclerinnen,&hellip;<\/p>\n","protected":false},"author":1,"featured_media":0,"parent":0,"menu_order":0,"comment_status":"closed","ping_status":"closed","template":"","meta":{"footnotes":""},"class_list":["post-221","page","type-page","status-publish","hentry"],"_links":{"self":[{"href":"https:\/\/sportmsleopoldsdorf.ac.at\/index.php?rest_route=\/wp\/v2\/pages\/221","targetHints":{"allow":["GET"]}}],"collection":[{"href":"https:\/\/sportmsleopoldsdorf.ac.at\/index.php?rest_route=\/wp\/v2\/pages"}],"about":[{"href":"https:\/\/sportmsleopoldsdorf.ac.at\/index.php?rest_route=\/wp\/v2\/types\/page"}],"author":[{"embeddable":true,"href":"https:\/\/sportmsleopoldsdorf.ac.at\/index.php?rest_route=\/wp\/v2\/users\/1"}],"replies":[{"embeddable":true,"href":"https:\/\/sportmsleopoldsdorf.ac.at\/index.php?rest_route=%2Fwp%2Fv2%2Fcomments&post=221"}],"version-history":[{"count":13,"href":"https:\/\/sportmsleopoldsdorf.ac.at\/index.php?rest_route=\/wp\/v2\/pages\/221\/revisions"}],"predecessor-version":[{"id":1764,"href":"https:\/\/sportmsleopoldsdorf.ac.at\/index.php?rest_route=\/wp\/v2\/pages\/221\/revisions\/1764"}],"wp:attachment":[{"href":"https:\/\/sportmsleopoldsdorf.ac.at\/index.php?rest_route=%2Fwp%2Fv2%2Fmedia&parent=221"}],"curies":[{"name":"wp","href":"https:\/\/api.w.org\/{rel}","templated":true}]}}