{"id":69,"date":"2017-07-03T22:37:56","date_gmt":"2017-07-03T20:37:56","guid":{"rendered":"http:\/\/sportmsleopoldsdorf.ac.at\/?page_id=69"},"modified":"2022-11-07T19:55:03","modified_gmt":"2022-11-07T17:55:03","slug":"schwerpunkte-2","status":"publish","type":"page","link":"https:\/\/sportmsleopoldsdorf.ac.at\/?page_id=69","title":{"rendered":"Schwerpunkte"},"content":{"rendered":"<p align=\"center\"><span style=\"font-size: x-large;\"><strong>Wahlpflichtf\u00e4cher \u2013 \u201eSchwerpunkte\u201c<\/strong><\/span><\/p>\n<p>Liebe Sch\u00fclerinnen und Sch\u00fcler!<\/p>\n<p>Wie ihr wisst, habt ihr ab der 7. Schulstufe die M\u00f6glichkeit, euch je nach eurem Interesse und eurer Begabung zwei Wochenstunden selbst zu w\u00e4hlen.<\/p>\n<p>Um euch bei der Wahl zu unterst\u00fctzen, bekommt ihr diese Information \u00fcber die 3 zur Auswahl stehenden Schwerpunkte mit den jeweiligen Unterrichtsgegenst\u00e4nden. Die Wahl des Schwerpunktes erfolgt im Sommersemester der 6. Schulstufe und ist verbindlich, daher sollte sie gut \u00fcberlegt werden. Lies dir die Information sorgf\u00e4ltig durch, nat\u00fcrlich kannst du auch mit deinem Klassenvorstand bzw. deinen LehrerInnen und Lehrern dar\u00fcber sprechen und sie werden dir gerne bei der Auswahl behilflich sein.<\/p>\n<p>&nbsp;<\/p>\n<p><strong>Naturwissenschaftlich- technischer Schwerpunkt<\/strong><\/p>\n<p>Dieser Schwerpunkt richtet sich an Sch\u00fclerinnen und Sch\u00fcler, die eine technische Lehre anstreben, eine technische Fachschule oder eine H\u00f6here Technische Lehranstalt (HTL) besuchen m\u00f6chten.<\/p>\n<table>\n<tbody>\n<tr>\n<td colspan=\"2\" width=\"307\">3.Klasse<\/td>\n<td colspan=\"2\" width=\"307\">4. Klasse<\/td>\n<\/tr>\n<tr>\n<td width=\"154\">Science<\/td>\n<td width=\"154\">1 Wochenstunde<\/td>\n<td width=\"154\">Geometrisches Zeichnen<\/td>\n<td width=\"154\">1 Wochenstunde<\/td>\n<\/tr>\n<tr>\n<td width=\"154\">Informatik<\/td>\n<td width=\"154\">1 Wochenstunde<\/td>\n<td width=\"154\">Technisches Werken<\/td>\n<td width=\"154\">1 Wochenstunde<\/td>\n<\/tr>\n<\/tbody>\n<\/table>\n<p>&nbsp;<\/p>\n<p>Science:<\/p>\n<p>In Science besch\u00e4ftigt ihr euch mit physikalischen oder chemischen Themen. Es werden viele Versuche durchgef\u00fchrt, die euch helfen sollen, naturwissenschaftliche Ph\u00e4nomene auch theoretisch besser zu verstehen.<\/p>\n<p>Informatik:<\/p>\n<p>Ihr werdet euer Vorwissen aus der 1. + 2. Klasse vertiefen, ihr werdet Pr\u00e4sentationssoftware kennenlernen, euch mit Tabellenkalkulation besch\u00e4ftigen, mit Digitalisierung, \u201eSafer Internet\u201c usw.<\/p>\n<p>Geometrisches Zeichnen:<\/p>\n<p>In geometrischem Zeichnen werdet ihr euer Raumverst\u00e4ndnis erweitern. Ihr fertigt geometrische Zeichnungen an, die ihr auch in Mathematik ben\u00f6tigt oder z.B auch im Werkunterricht f\u00fcr Baupl\u00e4ne. Ihr schult eure Genauigkeit und eure Sorgfalt.<\/p>\n<p>Technisches Werken:<\/p>\n<p>In technischem Werken vertieft und erweitert ihr eure Geschicklichkeit, die ihr in den ersten beiden Jahren erworben habt. Es werden anspruchsvollere Werkst\u00fccke aus unterschiedlichen Materialien hergestellt.<\/p>\n<p>&nbsp;<\/p>\n<p><strong>Wirtschaftlicher Schwerpunkt:<\/strong><\/p>\n<p>Dieser Schwerpunkt richtet sich an Sch\u00fclerinnen und Sch\u00fcler, die eine weiterf\u00fchrende Schule wie HAK\/HAS\/HLW\/HLT besuchen wollen, oder einen Lehrberuf aus den Bereichen Tourismus und \u00d6konomie anstreben.<\/p>\n<table>\n<tbody>\n<tr>\n<td colspan=\"2\" width=\"311\">3. Klasse<\/td>\n<td colspan=\"2\" width=\"302\">4. Klasse<\/td>\n<\/tr>\n<tr>\n<td width=\"160\">English Workshop<\/td>\n<td width=\"151\">1 Wochenstunde<\/td>\n<td width=\"151\">English Workshop<\/td>\n<td width=\"151\">1 Wochenstunde<\/td>\n<\/tr>\n<tr>\n<td width=\"160\">Wirtschaft&amp;Gesellschaft<\/td>\n<td width=\"151\">1Wochenstunde<\/td>\n<td width=\"151\">Ern\u00e4hrung &amp;Hauswirtschaft<\/td>\n<td width=\"151\">1 Wochenstunde<\/td>\n<\/tr>\n<\/tbody>\n<\/table>\n<p>English Workshop:<\/p>\n<p>Der Schwerpunkt liegt auf \u201eSpeaking\u201c. Ihr behandelt Themen, die f\u00fcr Jugendliche von gro\u00dfem Interesse sind, ihr erweitert euren Wortschatz und damit die Kommunikationsf\u00e4higkeit. Es werden unterschiedliche Medien (Zeitschriften, Zeitungen, B\u00fccher, englischsprachige Radio- und Fernsehsendungen) eingesetzt, somit ist der Unterricht abwechslungsreich und lebendig.<\/p>\n<p>Wirtschaft &amp; Gesellschaft:<\/p>\n<p>In diesem Schwerpunktbereich werden viele Themen aus Geographie&amp; Wirtschaftskunde vertieft bearbeitet. Euer Verst\u00e4ndnis f\u00fcr den G\u00fcter und Wirtschaftskreislauf wird geschult, ihr lernt die Wirtschafts- und Sozialpolitik von \u00d6sterreich kennen. Ein weiteres wichtiges Thema sind die Grundlagen des Geldwesens. Ihr besch\u00e4ftigt euch mit den Auswirkungen, die der Fortschritt von Technik mit sich bringt und setzt euch auch mit den m\u00f6glichen zuk\u00fcnftigen Ver\u00e4nderungen der Arbeitswelt auseinander.<\/p>\n<p>Ern\u00e4hrung &amp;Hauswirtschaft:<\/p>\n<p>In Ern\u00e4hrung &amp;Hauswirtschaft steht die gesunde und ausgewogene Ern\u00e4hrung im Zentrum des Interesses. Ihr sollt eure eigenen Essgewohnheiten kritisch beleuchten und eure F\u00e4higkeiten und Fertigkeiten bei der Zubereitung von Speisen aus dem letzten Jahr vertiefen. Auch Marketing und die Berechnung von Zutaten und Eink\u00e4ufen geh\u00f6ren dazu.<\/p>\n<p>&nbsp;<\/p>\n<p><strong>Kreativer Schwerpunkt<\/strong><\/p>\n<table>\n<tbody>\n<tr>\n<td colspan=\"2\" width=\"302\">3. Klasse<\/td>\n<td colspan=\"2\" width=\"302\">4. Klasse<\/td>\n<\/tr>\n<tr>\n<td width=\"151\">Sprache&amp;Medien<\/td>\n<td width=\"151\">1 Wochenstunde<\/td>\n<td width=\"151\">Sprache&amp;Medien<\/td>\n<td width=\"151\">1 Wochenstunde<\/td>\n<\/tr>\n<tr>\n<td width=\"151\">Kreatives Gestalten<\/td>\n<td width=\"151\">1 Wochenstunde<\/td>\n<td width=\"151\">Informatik<\/td>\n<td width=\"151\">1 Wochenstunde<\/td>\n<\/tr>\n<\/tbody>\n<\/table>\n<p>&nbsp;<\/p>\n<p>Dieser Schwerpunkt ist gedacht f\u00fcr Sch\u00fclerinnen und Sch\u00fcler, die beabsichtigen eine AHS, eine H\u00f6here Lehranstalt f\u00fcr Kindergartenp\u00e4dagogik, eine BHS f\u00fcr k\u00fcnstlerische Gestaltung, oder eine Lehranstalt f\u00fcr Sozialberufe zu besuchen, oder einen Lehrberuf aus den Bereichen Medien und Informationsdienste anstreben.<\/p>\n<p>Sprache &amp;Medien:<\/p>\n<p>In Sprache &amp; Medien steht auch die m\u00fcndliche Kommunikation im Vordergrund, allerdings in der Unterrichtssprache Deutsch. Ihr sollt eure Ausdruckf\u00e4higkeit verbessern und damit bef\u00e4higt werden, in der Berufswelt in h\u00f6her qualifizierten Berufen bestehen zu k\u00f6nnen. Es soll euch bewusst werden, dass ein gro\u00dfer Unterschied besteht zwischen Alltagssprache im Freundeskreis und gehobener Sprache, die im Berufsleben gefordert wird. Auch hier garantieren die unterschiedlichsten Medien (Zeitschriften, Zeitungen, B\u00fccher, Radio &amp;Fernsehen\u2026.) einen abwechslungsreichen, interessanten Unterricht.<\/p>\n<p>Kreatives Gestalten:<\/p>\n<p>Dieses Schwerpunktfach umfasst sowohl Technisches wie Textiles Werken und den gesamten k\u00fcnstlerischen Bereich. Je nach Interesse der Sch\u00fclerinnen und Sch\u00fcler k\u00f6nnen verschiedene Schwerpunkte gesetzt werden.<\/p>\n<p>Informatik:<\/p>\n<p>Der Schwerpunkt liegt auf dem integrativen Einsatz des Computers, wie z.B. Dokumentationen, Publikationen und Pr\u00e4sentationen, Suche, Auswahl und Organisation von Information, Kommunikation und Kooperation und vieles mehr.<\/p>\n<p>&nbsp;<\/p>\n<p><a href=\"http:\/\/sportmsleopoldsdorf.ac.at\/wp-content\/uploads\/2022\/10\/WPF_Info.pdf\" target=\"_blank\" rel=\"noopener\"><span style=\"font-size: medium;\"><strong><span style=\"color: #0000ff;\"><span style=\"color: #0000ff;\">Direktlink zur Elterninformation<\/span><\/span><\/strong><\/span><\/a><\/p>\n<p><a href=\"http:\/\/sportmsleopoldsdorf.ac.at\/wp-content\/uploads\/2018\/11\/Anmeldeformular_Schwerpunkte_19_20.pdf\" target=\"_blank\" rel=\"noopener\"><span style=\"font-size: medium;\"><strong><span style=\"color: #0000ff;\"><span style=\"color: #0000ff;\">Direktlink zum Anmeldeformular<\/span><\/span><\/strong><\/span><\/a><\/p>\n<p><a href=\"http:\/\/sportmsleopoldsdorf.ac.at\/wp-content\/uploads\/2019\/09\/Beschreibung-Schwerpunkte_neu.pdf\"><span style=\"font-size: medium;\"><strong><span style=\"color: #0000ff;\"><span style=\"color: #0000ff;\">Direktlink zu den Beschreibungen der Schwerpunkte<\/span><\/span><\/strong><\/span><\/a><\/p>\n","protected":false},"excerpt":{"rendered":"<p>Wahlpflichtf\u00e4cher \u2013 \u201eSchwerpunkte\u201c Liebe Sch\u00fclerinnen und Sch\u00fcler! Wie ihr wisst,&hellip;<\/p>\n","protected":false},"author":1,"featured_media":0,"parent":0,"menu_order":0,"comment_status":"closed","ping_status":"closed","template":"","meta":{"footnotes":""},"class_list":["post-69","page","type-page","status-publish","hentry"],"_links":{"self":[{"href":"https:\/\/sportmsleopoldsdorf.ac.at\/index.php?rest_route=\/wp\/v2\/pages\/69","targetHints":{"allow":["GET"]}}],"collection":[{"href":"https:\/\/sportmsleopoldsdorf.ac.at\/index.php?rest_route=\/wp\/v2\/pages"}],"about":[{"href":"https:\/\/sportmsleopoldsdorf.ac.at\/index.php?rest_route=\/wp\/v2\/types\/page"}],"author":[{"embeddable":true,"href":"https:\/\/sportmsleopoldsdorf.ac.at\/index.php?rest_route=\/wp\/v2\/users\/1"}],"replies":[{"embeddable":true,"href":"https:\/\/sportmsleopoldsdorf.ac.at\/index.php?rest_route=%2Fwp%2Fv2%2Fcomments&post=69"}],"version-history":[{"count":30,"href":"https:\/\/sportmsleopoldsdorf.ac.at\/index.php?rest_route=\/wp\/v2\/pages\/69\/revisions"}],"predecessor-version":[{"id":1696,"href":"https:\/\/sportmsleopoldsdorf.ac.at\/index.php?rest_route=\/wp\/v2\/pages\/69\/revisions\/1696"}],"wp:attachment":[{"href":"https:\/\/sportmsleopoldsdorf.ac.at\/index.php?rest_route=%2Fwp%2Fv2%2Fmedia&parent=69"}],"curies":[{"name":"wp","href":"https:\/\/api.w.org\/{rel}","templated":true}]}}